{"id":1193,"date":"2020-11-26T07:29:49","date_gmt":"2020-11-26T04:29:49","guid":{"rendered":"https:\/\/scopeendo.com.tr\/?page_id=1193"},"modified":"2022-12-29T12:18:11","modified_gmt":"2022-12-29T09:18:11","slug":"packaging","status":"publish","type":"page","link":"https:\/\/scopeendo.com.tr\/en\/packaging\/","title":{"rendered":"Packaging"},"content":{"rendered":"\t\t<div data-elementor-type=\"wp-page\" data-elementor-id=\"1193\" class=\"elementor elementor-1193 elementor-79\">\n\t\t\t\t\t\t<div class=\"elementor-inner\">\n\t\t\t\t<div class=\"elementor-section-wrap\">\n\t\t\t\t\t\t\t\t\t<section class=\"elementor-section elementor-top-section elementor-element elementor-element-fca0d46 elementor-reverse-tablet elementor-reverse-mobile elementor-section-boxed elementor-section-height-default elementor-section-height-default\" data-id=\"fca0d46\" data-element_type=\"section\" data-settings=\"{&quot;background_background&quot;:&quot;classic&quot;}\">\n\t\t\t\t\t\t\t<div class=\"elementor-background-overlay\"><\/div>\n\t\t\t\t\t\t\t<div class=\"elementor-container elementor-column-gap-default\">\n\t\t\t\t\t\t\t<div class=\"elementor-row\">\n\t\t\t\t\t<div class=\"elementor-column elementor-col-50 elementor-top-column elementor-element elementor-element-aebcaac\" data-id=\"aebcaac\" data-element_type=\"column\">\n\t\t\t<div class=\"elementor-column-wrap elementor-element-populated\">\n\t\t\t\t\t\t\t<div class=\"elementor-widget-wrap\">\n\t\t\t\t\t\t<div class=\"elementor-element elementor-element-b68805c elementor-icon-list--layout-inline elementor-list-item-link-full_width elementor-widget elementor-widget-icon-list\" data-id=\"b68805c\" data-element_type=\"widget\" data-widget_type=\"icon-list.default\">\n\t\t\t\t<div class=\"elementor-widget-container\">\n\t\t\t\t\t<ul class=\"elementor-icon-list-items elementor-inline-items\">\n\t\t\t\t\t\t\t<li class=\"elementor-icon-list-item elementor-inline-item\">\n\t\t\t\t\t\t\t\t\t\t\t<a href=\"https:\/\/scopeendo.com.tr\">\n\n\t\t\t\t\t\t\t\t\t\t\t<span class=\"elementor-icon-list-text\">Anasayfa<\/span>\n\t\t\t\t\t\t\t\t\t\t\t<\/a>\n\t\t\t\t\t\t\t\t\t<\/li>\n\t\t\t\t\t\t\t\t<li class=\"elementor-icon-list-item elementor-inline-item\">\n\t\t\t\t\t\t\t\t\t\t\t<a href=\"#\">\n\n\t\t\t\t\t\t\t\t\t\t\t\t<span class=\"elementor-icon-list-icon\">\n\t\t\t\t\t\t\t<i aria-hidden=\"true\" class=\"fas fa-angle-right\"><\/i>\t\t\t\t\t\t<\/span>\n\t\t\t\t\t\t\t\t\t\t<span class=\"elementor-icon-list-text\"><\/span>\n\t\t\t\t\t\t\t\t\t\t\t<\/a>\n\t\t\t\t\t\t\t\t\t<\/li>\n\t\t\t\t\t\t<\/ul>\n\t\t\t\t<\/div>\n\t\t\t\t<\/div>\n\t\t\t\t<div class=\"elementor-element elementor-element-9f1d890 elementor-widget elementor-widget-elementskit-heading\" data-id=\"9f1d890\" data-element_type=\"widget\" data-widget_type=\"elementskit-heading.default\">\n\t\t\t\t<div class=\"elementor-widget-container\">\n\t\t\t<div class=\"ekit-wid-con\" ><div class=\"ekit-heading elementskit-section-title-wraper text_left   ekit_heading_tablet-   ekit_heading_mobile-\"><\/div><\/div>\t\t<\/div>\n\t\t\t\t<\/div>\n\t\t\t\t\t\t<\/div>\n\t\t\t\t\t<\/div>\n\t\t<\/div>\n\t\t\t\t<div class=\"elementor-column elementor-col-50 elementor-top-column elementor-element elementor-element-da065be\" data-id=\"da065be\" data-element_type=\"column\">\n\t\t\t<div class=\"elementor-column-wrap\">\n\t\t\t\t\t\t\t<div class=\"elementor-widget-wrap\">\n\t\t\t\t\t\t\t\t<\/div>\n\t\t\t\t\t<\/div>\n\t\t<\/div>\n\t\t\t\t\t\t\t\t<\/div>\n\t\t\t\t\t<\/div>\n\t\t<\/section>\n\t\t\t\t<section class=\"elementor-section elementor-top-section elementor-element elementor-element-51934ef elementor-section-boxed elementor-section-height-default elementor-section-height-default\" data-id=\"51934ef\" data-element_type=\"section\">\n\t\t\t\t\t\t<div class=\"elementor-container elementor-column-gap-default\">\n\t\t\t\t\t\t\t<div class=\"elementor-row\">\n\t\t\t\t\t<div class=\"elementor-column elementor-col-50 elementor-top-column elementor-element elementor-element-eb981b0\" data-id=\"eb981b0\" data-element_type=\"column\">\n\t\t\t<div class=\"elementor-column-wrap elementor-element-populated\">\n\t\t\t\t\t\t\t<div class=\"elementor-widget-wrap\">\n\t\t\t\t\t\t<section class=\"elementor-section elementor-inner-section elementor-element elementor-element-d07d56d elementor-section-boxed elementor-section-height-default elementor-section-height-default\" data-id=\"d07d56d\" data-element_type=\"section\">\n\t\t\t\t\t\t<div class=\"elementor-container elementor-column-gap-no\">\n\t\t\t\t\t\t\t<div class=\"elementor-row\">\n\t\t\t\t\t<div class=\"elementor-column elementor-col-100 elementor-inner-column elementor-element elementor-element-00d8647\" data-id=\"00d8647\" data-element_type=\"column\">\n\t\t\t<div class=\"elementor-column-wrap elementor-element-populated\">\n\t\t\t\t\t\t\t<div class=\"elementor-widget-wrap\">\n\t\t\t\t\t\t<div class=\"elementor-element elementor-element-8debbcb elementor-widget-divider--view-line elementor-widget elementor-widget-divider\" data-id=\"8debbcb\" data-element_type=\"widget\" data-widget_type=\"divider.default\">\n\t\t\t\t<div class=\"elementor-widget-container\">\n\t\t\t\t\t<div class=\"elementor-divider\">\n\t\t\t<span class=\"elementor-divider-separator\">\n\t\t\t\t\t\t<\/span>\n\t\t<\/div>\n\t\t\t\t<\/div>\n\t\t\t\t<\/div>\n\t\t\t\t<div class=\"elementor-element elementor-element-7a6d75e5 elementor-widget elementor-widget-text-editor\" data-id=\"7a6d75e5\" data-element_type=\"widget\" data-widget_type=\"text-editor.default\">\n\t\t\t\t<div class=\"elementor-widget-container\">\n\t\t\t\t\t\t\t\t<div class=\"elementor-text-editor elementor-clearfix\">\n\t\t\t\t<!-- wp:paragraph -->\r\n<p>Scope e\u011fe \u00e7e\u015fitlerinin t\u00fcm\u00fc blister ambalajlama tekni\u011fi kullan\u0131larak, m\u00fchendislerimizin \u00fcr\u00fcnlere \u00f6zel olarak tasarlad\u0131\u011f\u0131 kal\u0131plarla paketlenmektedir. Montaj ve ambalajlama \u00f6zel olarak ultrasonik y\u0131kama prosesi sonras\u0131 temiz odam\u0131zda yap\u0131lmaktad\u0131r. Renkli etiketlerle ve kutulama ile ambalajlama tamamlanmaktad\u0131r. Minimum bakteri ile temiz oda ko\u015fullar\u0131nda tamamlanan ambalajlama sonras\u0131 \u00fcr\u00fcnler steril edilmeye haz\u0131r olarak kullan\u0131ma sunulmaktad\u0131r.<\/p>\r\n<!-- \/wp:paragraph -->\r\n\r\n<!-- wp:image {\"id\":80,\"sizeSlug\":\"large\"} -->\r\n<figure class=\"wp-block-image size-large\"><img decoding=\"async\" loading=\"lazy\" width=\"1024\" height=\"319\" class=\"wp-image-80\" src=\"https:\/\/scopeendo.com.tr\/wp\/wp-content\/uploads\/2020\/11\/image.png\" alt=\"\" srcset=\"https:\/\/scopeendo.com.tr\/wp-content\/uploads\/2020\/11\/image.png 1024w, https:\/\/scopeendo.com.tr\/wp-content\/uploads\/2020\/11\/image-300x93.png 300w, https:\/\/scopeendo.com.tr\/wp-content\/uploads\/2020\/11\/image-768x239.png 768w\" sizes=\"(max-width: 1024px) 100vw, 1024px\" \/><\/figure>\r\n<!-- \/wp:image -->\r\n\r\n<!-- wp:list -->\r\n<ul id=\"block-a8123487-40d0-4fec-9031-8e2cfb3c8b33\">\r\n<li>\u00c7apraz kontaminasyon riski ta\u015f\u0131mayacak \u015fekilde paketleme yap\u0131lmaktad\u0131r.<\/li>\r\n<li>Risk optimizasyonu i\u00e7in paketleme temiz odam\u0131zda ger\u00e7ekle\u015ftirilmektedir.<\/li>\r\n<li>Kullan\u0131m i\u00e7in sarfedilecek enerji ve masraftan tasarruf sa\u011flar.<\/li>\r\n<li>Cihaz\u0131n kullan\u0131m\u0131 tamamen hijyeniktir.<\/li>\r\n<\/ul>\r\n<!-- \/wp:list -->\t\t\t\t\t<\/div>\n\t\t\t\t\t\t<\/div>\n\t\t\t\t<\/div>\n\t\t\t\t\t\t<\/div>\n\t\t\t\t\t<\/div>\n\t\t<\/div>\n\t\t\t\t\t\t\t\t<\/div>\n\t\t\t\t\t<\/div>\n\t\t<\/section>\n\t\t\t\t\t\t<\/div>\n\t\t\t\t\t<\/div>\n\t\t<\/div>\n\t\t\t\t<div class=\"elementor-column elementor-col-50 elementor-top-column elementor-element elementor-element-61fcfe1\" data-id=\"61fcfe1\" data-element_type=\"column\">\n\t\t\t<div class=\"elementor-column-wrap\">\n\t\t\t\t\t\t\t<div class=\"elementor-widget-wrap\">\n\t\t\t\t\t\t\t\t<\/div>\n\t\t\t\t\t<\/div>\n\t\t<\/div>\n\t\t\t\t\t\t\t\t<\/div>\n\t\t\t\t\t<\/div>\n\t\t<\/section>\n\t\t\t\t\t\t\t\t\t<\/div>\n\t\t\t<\/div>\n\t\t\t\t\t<\/div>\n\t\t","protected":false},"excerpt":{"rendered":"","protected":false},"author":1,"featured_media":0,"parent":0,"menu_order":0,"comment_status":"closed","ping_status":"closed","template":"elementor_header_footer","meta":[],"_links":{"self":[{"href":"https:\/\/scopeendo.com.tr\/en\/wp-json\/wp\/v2\/pages\/1193"}],"collection":[{"href":"https:\/\/scopeendo.com.tr\/en\/wp-json\/wp\/v2\/pages"}],"about":[{"href":"https:\/\/scopeendo.com.tr\/en\/wp-json\/wp\/v2\/types\/page"}],"author":[{"embeddable":true,"href":"https:\/\/scopeendo.com.tr\/en\/wp-json\/wp\/v2\/users\/1"}],"replies":[{"embeddable":true,"href":"https:\/\/scopeendo.com.tr\/en\/wp-json\/wp\/v2\/comments?post=1193"}],"version-history":[{"count":1,"href":"https:\/\/scopeendo.com.tr\/en\/wp-json\/wp\/v2\/pages\/1193\/revisions"}],"predecessor-version":[{"id":1195,"href":"https:\/\/scopeendo.com.tr\/en\/wp-json\/wp\/v2\/pages\/1193\/revisions\/1195"}],"wp:attachment":[{"href":"https:\/\/scopeendo.com.tr\/en\/wp-json\/wp\/v2\/media?parent=1193"}],"curies":[{"name":"wp","href":"https:\/\/api.w.org\/{rel}","templated":true}]}}