{"id":1196,"date":"2020-11-26T07:32:42","date_gmt":"2020-11-26T04:32:42","guid":{"rendered":"https:\/\/scopeendo.com.tr\/?page_id=1196"},"modified":"2022-12-29T12:21:49","modified_gmt":"2022-12-29T09:21:49","slug":"rotary-movement","status":"publish","type":"page","link":"https:\/\/scopeendo.com.tr\/en\/rotary-movement\/","title":{"rendered":"Rotary Movement"},"content":{"rendered":"\t\t<div data-elementor-type=\"wp-page\" data-elementor-id=\"1196\" class=\"elementor elementor-1196 elementor-84\">\n\t\t\t\t\t\t<div class=\"elementor-inner\">\n\t\t\t\t<div class=\"elementor-section-wrap\">\n\t\t\t\t\t\t\t\t\t<section class=\"elementor-section elementor-top-section elementor-element elementor-element-3479cd8 elementor-reverse-tablet elementor-reverse-mobile elementor-section-boxed elementor-section-height-default elementor-section-height-default\" data-id=\"3479cd8\" data-element_type=\"section\" data-settings=\"{&quot;background_background&quot;:&quot;classic&quot;}\">\n\t\t\t\t\t\t\t<div class=\"elementor-background-overlay\"><\/div>\n\t\t\t\t\t\t\t<div class=\"elementor-container elementor-column-gap-default\">\n\t\t\t\t\t\t\t<div class=\"elementor-row\">\n\t\t\t\t\t<div class=\"elementor-column elementor-col-50 elementor-top-column elementor-element elementor-element-909ce17\" data-id=\"909ce17\" data-element_type=\"column\">\n\t\t\t<div class=\"elementor-column-wrap elementor-element-populated\">\n\t\t\t\t\t\t\t<div class=\"elementor-widget-wrap\">\n\t\t\t\t\t\t<div class=\"elementor-element elementor-element-dc2764f elementor-icon-list--layout-inline elementor-list-item-link-full_width elementor-widget elementor-widget-icon-list\" data-id=\"dc2764f\" data-element_type=\"widget\" data-widget_type=\"icon-list.default\">\n\t\t\t\t<div class=\"elementor-widget-container\">\n\t\t\t\t\t<ul class=\"elementor-icon-list-items elementor-inline-items\">\n\t\t\t\t\t\t\t<li class=\"elementor-icon-list-item elementor-inline-item\">\n\t\t\t\t\t\t\t\t\t\t\t<a href=\"https:\/\/scopeendo.com.tr\">\n\n\t\t\t\t\t\t\t\t\t\t\t<span class=\"elementor-icon-list-text\">Anasayfa<\/span>\n\t\t\t\t\t\t\t\t\t\t\t<\/a>\n\t\t\t\t\t\t\t\t\t<\/li>\n\t\t\t\t\t\t\t\t<li class=\"elementor-icon-list-item elementor-inline-item\">\n\t\t\t\t\t\t\t\t\t\t\t<a href=\"#\">\n\n\t\t\t\t\t\t\t\t\t\t\t\t<span class=\"elementor-icon-list-icon\">\n\t\t\t\t\t\t\t<i aria-hidden=\"true\" class=\"fas fa-angle-right\"><\/i>\t\t\t\t\t\t<\/span>\n\t\t\t\t\t\t\t\t\t\t<span class=\"elementor-icon-list-text\"><\/span>\n\t\t\t\t\t\t\t\t\t\t\t<\/a>\n\t\t\t\t\t\t\t\t\t<\/li>\n\t\t\t\t\t\t<\/ul>\n\t\t\t\t<\/div>\n\t\t\t\t<\/div>\n\t\t\t\t<div class=\"elementor-element elementor-element-f598e77 elementor-widget elementor-widget-elementskit-heading\" data-id=\"f598e77\" data-element_type=\"widget\" data-widget_type=\"elementskit-heading.default\">\n\t\t\t\t<div class=\"elementor-widget-container\">\n\t\t\t<div class=\"ekit-wid-con\" ><div class=\"ekit-heading elementskit-section-title-wraper text_left   ekit_heading_tablet-   ekit_heading_mobile-\"><\/div><\/div>\t\t<\/div>\n\t\t\t\t<\/div>\n\t\t\t\t\t\t<\/div>\n\t\t\t\t\t<\/div>\n\t\t<\/div>\n\t\t\t\t<div class=\"elementor-column elementor-col-50 elementor-top-column elementor-element elementor-element-a16f0d1\" data-id=\"a16f0d1\" data-element_type=\"column\">\n\t\t\t<div class=\"elementor-column-wrap\">\n\t\t\t\t\t\t\t<div class=\"elementor-widget-wrap\">\n\t\t\t\t\t\t\t\t<\/div>\n\t\t\t\t\t<\/div>\n\t\t<\/div>\n\t\t\t\t\t\t\t\t<\/div>\n\t\t\t\t\t<\/div>\n\t\t<\/section>\n\t\t\t\t<section class=\"elementor-section elementor-top-section elementor-element elementor-element-fb6198b elementor-section-boxed elementor-section-height-default elementor-section-height-default\" data-id=\"fb6198b\" data-element_type=\"section\">\n\t\t\t\t\t\t<div class=\"elementor-container elementor-column-gap-default\">\n\t\t\t\t\t\t\t<div class=\"elementor-row\">\n\t\t\t\t\t<div class=\"elementor-column elementor-col-50 elementor-top-column elementor-element elementor-element-e456c92\" data-id=\"e456c92\" data-element_type=\"column\">\n\t\t\t<div class=\"elementor-column-wrap elementor-element-populated\">\n\t\t\t\t\t\t\t<div class=\"elementor-widget-wrap\">\n\t\t\t\t\t\t<section class=\"elementor-section elementor-inner-section elementor-element elementor-element-23649ea elementor-section-boxed elementor-section-height-default elementor-section-height-default\" data-id=\"23649ea\" data-element_type=\"section\">\n\t\t\t\t\t\t<div class=\"elementor-container elementor-column-gap-no\">\n\t\t\t\t\t\t\t<div class=\"elementor-row\">\n\t\t\t\t\t<div class=\"elementor-column elementor-col-100 elementor-inner-column elementor-element elementor-element-ab4c0e3\" data-id=\"ab4c0e3\" data-element_type=\"column\">\n\t\t\t<div class=\"elementor-column-wrap elementor-element-populated\">\n\t\t\t\t\t\t\t<div class=\"elementor-widget-wrap\">\n\t\t\t\t\t\t<div class=\"elementor-element elementor-element-c9f4463 elementor-widget-divider--view-line elementor-widget elementor-widget-divider\" data-id=\"c9f4463\" data-element_type=\"widget\" data-widget_type=\"divider.default\">\n\t\t\t\t<div class=\"elementor-widget-container\">\n\t\t\t\t\t<div class=\"elementor-divider\">\n\t\t\t<span class=\"elementor-divider-separator\">\n\t\t\t\t\t\t<\/span>\n\t\t<\/div>\n\t\t\t\t<\/div>\n\t\t\t\t<\/div>\n\t\t\t\t<div class=\"elementor-element elementor-element-5a5751d elementor-widget elementor-widget-text-editor\" data-id=\"5a5751d\" data-element_type=\"widget\" data-widget_type=\"text-editor.default\">\n\t\t\t\t<div class=\"elementor-widget-container\">\n\t\t\t\t\t\t\t\t<div class=\"elementor-text-editor elementor-clearfix\">\n\t\t\t\t<!-- wp:paragraph -->\n<p>K\u00f6k kanal tedavisinde kullan\u0131lan e\u011fe kullan\u0131m y\u00f6ntemlerinden olan d\u00f6ner (Rotary) hareket, endomotora sabitlenen e\u011felerin s\u00fcrekli \u015fekilde ayn\u0131 y\u00f6ne hareket ederek kanaldan debris kald\u0131rmas\u0131 i\u015flemidir.<\/p>\n<p><!-- \/wp:paragraph --><!-- wp:paragraph --><\/p>\n<p>Genel olarak e\u011feler \u00fczerindeki helis kesme y\u00f6nlerinden dolay\u0131 saat y\u00f6n\u00fcnde hareket etmesi istenir. Helis yap\u0131s\u0131na g\u00f6re saat y\u00f6n\u00fcn\u00fcn tersine de s\u00fcrekli hareket ederek rotary hareket yap\u0131labilmektedir. \u00d6rne\u011fin Scope Quattro modelleri asl\u0131nda resiprokal hareket ile kullan\u0131lan e\u011feler iken e\u011fer kullan\u0131lan endomotor bunu sa\u011fl\u0131yorsa saat y\u00f6n\u00fcn\u00fcn tersine rotary olarak ta kullan\u0131labilir<\/p>\n<!-- \/wp:paragraph -->\t\t\t\t\t<\/div>\n\t\t\t\t\t\t<\/div>\n\t\t\t\t<\/div>\n\t\t\t\t\t\t<\/div>\n\t\t\t\t\t<\/div>\n\t\t<\/div>\n\t\t\t\t\t\t\t\t<\/div>\n\t\t\t\t\t<\/div>\n\t\t<\/section>\n\t\t\t\t\t\t<\/div>\n\t\t\t\t\t<\/div>\n\t\t<\/div>\n\t\t\t\t<div class=\"elementor-column elementor-col-50 elementor-top-column elementor-element elementor-element-744cd3c\" data-id=\"744cd3c\" data-element_type=\"column\">\n\t\t\t<div class=\"elementor-column-wrap elementor-element-populated\">\n\t\t\t\t\t\t\t<div class=\"elementor-widget-wrap\">\n\t\t\t\t\t\t<section class=\"elementor-section elementor-inner-section elementor-element elementor-element-0ea3564 elementor-section-boxed elementor-section-height-default elementor-section-height-default\" data-id=\"0ea3564\" data-element_type=\"section\">\n\t\t\t\t\t\t<div class=\"elementor-container elementor-column-gap-no\">\n\t\t\t\t\t\t\t<div class=\"elementor-row\">\n\t\t\t\t\t<div class=\"elementor-column elementor-col-100 elementor-inner-column elementor-element elementor-element-6c40222\" data-id=\"6c40222\" data-element_type=\"column\">\n\t\t\t<div class=\"elementor-column-wrap elementor-element-populated\">\n\t\t\t\t\t\t\t<div class=\"elementor-widget-wrap\">\n\t\t\t\t\t\t<div class=\"elementor-element elementor-element-dac7997 elementor-widget elementor-widget-heading\" data-id=\"dac7997\" data-element_type=\"widget\" data-widget_type=\"heading.default\">\n\t\t\t\t<div class=\"elementor-widget-container\">\n\t\t\t<h3 class=\"elementor-heading-title elementor-size-default\">Teknoloji<\/h3>\t\t<\/div>\n\t\t\t\t<\/div>\n\t\t\t\t<div class=\"elementor-element elementor-element-6fef5fb elementor-widget-divider--view-line elementor-widget elementor-widget-divider\" data-id=\"6fef5fb\" data-element_type=\"widget\" data-widget_type=\"divider.default\">\n\t\t\t\t<div class=\"elementor-widget-container\">\n\t\t\t\t\t<div class=\"elementor-divider\">\n\t\t\t<span class=\"elementor-divider-separator\">\n\t\t\t\t\t\t<\/span>\n\t\t<\/div>\n\t\t\t\t<\/div>\n\t\t\t\t<\/div>\n\t\t\t\t<div class=\"elementor-element elementor-element-3b1c071 elementor-nav-menu--dropdown-tablet elementor-nav-menu__text-align-aside elementor-nav-menu--toggle elementor-nav-menu--burger elementor-widget elementor-widget-nav-menu\" data-id=\"3b1c071\" data-element_type=\"widget\" data-settings=\"{&quot;layout&quot;:&quot;vertical&quot;,&quot;submenu_icon&quot;:{&quot;value&quot;:&quot;&lt;i class=\\&quot;fas fa-caret-down\\&quot;&gt;&lt;\\\/i&gt;&quot;,&quot;library&quot;:&quot;fa-solid&quot;},&quot;toggle&quot;:&quot;burger&quot;}\" data-widget_type=\"nav-menu.default\">\n\t\t\t\t<div class=\"elementor-widget-container\">\n\t\t\t\t\t\t<nav migration_allowed=\"1\" migrated=\"0\" class=\"elementor-nav-menu--main elementor-nav-menu__container elementor-nav-menu--layout-vertical e--pointer-underline e--animation-fade\">\n\t\t\t\t<ul id=\"menu-1-3b1c071\" class=\"elementor-nav-menu sm-vertical\"><li class=\"menu-item menu-item-type-post_type menu-item-object-page menu-item-894\"><a href=\"https:\/\/scopeendo.com.tr\/doner-rotary-hareket\/\" class=\"elementor-item\">Rotary Movement<\/a><\/li>\n<li class=\"menu-item menu-item-type-post_type menu-item-object-page menu-item-895\"><a href=\"https:\/\/scopeendo.com.tr\/isil-islem-uygulanmis-niti-teknolojisi\/\" class=\"elementor-item\">Heat Treated NiTi Technology<\/a><\/li>\n<li class=\"menu-item menu-item-type-post_type menu-item-object-page menu-item-896\"><a href=\"https:\/\/scopeendo.com.tr\/resiprokal-hareket\/\" class=\"elementor-item\">Reciprocal Movement<\/a><\/li>\n<li class=\"menu-item menu-item-type-post_type menu-item-object-page menu-item-897\"><a href=\"https:\/\/scopeendo.com.tr\/yapisal-bolumler\/\" class=\"elementor-item\">Structural Sections<\/a><\/li>\n<li class=\"menu-item menu-item-type-post_type menu-item-object-page menu-item-898\"><a href=\"https:\/\/scopeendo.com.tr\/yuksek-hizli-interpolasyon-isleme-teknolojisi\/\" class=\"elementor-item\">High Speed Interpolation Processing Technology<\/a><\/li>\n<\/ul>\t\t\t<\/nav>\n\t\t\t\t\t<div class=\"elementor-menu-toggle\" role=\"button\" tabindex=\"0\" aria-label=\"Menu Toggle\" aria-expanded=\"false\">\n\t\t\t<i aria-hidden=\"true\" role=\"presentation\" class=\"elementor-menu-toggle__icon--open eicon-menu-bar\"><\/i><i aria-hidden=\"true\" role=\"presentation\" class=\"elementor-menu-toggle__icon--close eicon-close\"><\/i>\t\t\t<span class=\"elementor-screen-only\">Menu<\/span>\n\t\t<\/div>\n\t\t\t\t\t<nav class=\"elementor-nav-menu--dropdown elementor-nav-menu__container\" aria-hidden=\"true\">\n\t\t\t\t<ul id=\"menu-2-3b1c071\" class=\"elementor-nav-menu sm-vertical\"><li class=\"menu-item menu-item-type-post_type menu-item-object-page menu-item-894\"><a href=\"https:\/\/scopeendo.com.tr\/doner-rotary-hareket\/\" class=\"elementor-item\" tabindex=\"-1\">Rotary Movement<\/a><\/li>\n<li class=\"menu-item menu-item-type-post_type menu-item-object-page menu-item-895\"><a href=\"https:\/\/scopeendo.com.tr\/isil-islem-uygulanmis-niti-teknolojisi\/\" class=\"elementor-item\" tabindex=\"-1\">Heat Treated NiTi Technology<\/a><\/li>\n<li class=\"menu-item menu-item-type-post_type menu-item-object-page menu-item-896\"><a href=\"https:\/\/scopeendo.com.tr\/resiprokal-hareket\/\" class=\"elementor-item\" tabindex=\"-1\">Reciprocal Movement<\/a><\/li>\n<li class=\"menu-item menu-item-type-post_type menu-item-object-page menu-item-897\"><a href=\"https:\/\/scopeendo.com.tr\/yapisal-bolumler\/\" class=\"elementor-item\" tabindex=\"-1\">Structural Sections<\/a><\/li>\n<li class=\"menu-item menu-item-type-post_type menu-item-object-page menu-item-898\"><a href=\"https:\/\/scopeendo.com.tr\/yuksek-hizli-interpolasyon-isleme-teknolojisi\/\" class=\"elementor-item\" tabindex=\"-1\">High Speed Interpolation Processing Technology<\/a><\/li>\n<\/ul>\t\t\t<\/nav>\n\t\t\t\t<\/div>\n\t\t\t\t<\/div>\n\t\t\t\t\t\t<\/div>\n\t\t\t\t\t<\/div>\n\t\t<\/div>\n\t\t\t\t\t\t\t\t<\/div>\n\t\t\t\t\t<\/div>\n\t\t<\/section>\n\t\t\t\t\t\t<\/div>\n\t\t\t\t\t<\/div>\n\t\t<\/div>\n\t\t\t\t\t\t\t\t<\/div>\n\t\t\t\t\t<\/div>\n\t\t<\/section>\n\t\t\t\t\t\t\t\t\t<\/div>\n\t\t\t<\/div>\n\t\t\t\t\t<\/div>\n\t\t","protected":false},"excerpt":{"rendered":"","protected":false},"author":1,"featured_media":0,"parent":0,"menu_order":0,"comment_status":"closed","ping_status":"closed","template":"elementor_header_footer","meta":[],"_links":{"self":[{"href":"https:\/\/scopeendo.com.tr\/en\/wp-json\/wp\/v2\/pages\/1196"}],"collection":[{"href":"https:\/\/scopeendo.com.tr\/en\/wp-json\/wp\/v2\/pages"}],"about":[{"href":"https:\/\/scopeendo.com.tr\/en\/wp-json\/wp\/v2\/types\/page"}],"author":[{"embeddable":true,"href":"https:\/\/scopeendo.com.tr\/en\/wp-json\/wp\/v2\/users\/1"}],"replies":[{"embeddable":true,"href":"https:\/\/scopeendo.com.tr\/en\/wp-json\/wp\/v2\/comments?post=1196"}],"version-history":[{"count":1,"href":"https:\/\/scopeendo.com.tr\/en\/wp-json\/wp\/v2\/pages\/1196\/revisions"}],"predecessor-version":[{"id":1197,"href":"https:\/\/scopeendo.com.tr\/en\/wp-json\/wp\/v2\/pages\/1196\/revisions\/1197"}],"wp:attachment":[{"href":"https:\/\/scopeendo.com.tr\/en\/wp-json\/wp\/v2\/media?parent=1196"}],"curies":[{"name":"wp","href":"https:\/\/api.w.org\/{rel}","templated":true}]}}