{"id":1198,"date":"2020-11-26T07:51:27","date_gmt":"2020-11-26T04:51:27","guid":{"rendered":"https:\/\/scopeendo.com.tr\/?page_id=1198"},"modified":"2022-12-29T12:23:59","modified_gmt":"2022-12-29T09:23:59","slug":"heat-treated-niti-technology","status":"publish","type":"page","link":"https:\/\/scopeendo.com.tr\/en\/heat-treated-niti-technology\/","title":{"rendered":"Heat Treated NiTi Technology"},"content":{"rendered":"\t\t<div data-elementor-type=\"wp-page\" data-elementor-id=\"1198\" class=\"elementor elementor-1198 elementor-106\">\n\t\t\t\t\t\t<div class=\"elementor-inner\">\n\t\t\t\t<div class=\"elementor-section-wrap\">\n\t\t\t\t\t\t\t\t\t<section class=\"elementor-section elementor-top-section elementor-element elementor-element-66fd5a8 elementor-reverse-tablet elementor-reverse-mobile elementor-section-boxed elementor-section-height-default elementor-section-height-default\" data-id=\"66fd5a8\" data-element_type=\"section\" data-settings=\"{&quot;background_background&quot;:&quot;classic&quot;}\">\n\t\t\t\t\t\t\t<div class=\"elementor-background-overlay\"><\/div>\n\t\t\t\t\t\t\t<div class=\"elementor-container elementor-column-gap-default\">\n\t\t\t\t\t\t\t<div class=\"elementor-row\">\n\t\t\t\t\t<div class=\"elementor-column elementor-col-50 elementor-top-column elementor-element elementor-element-486320a\" data-id=\"486320a\" data-element_type=\"column\">\n\t\t\t<div class=\"elementor-column-wrap elementor-element-populated\">\n\t\t\t\t\t\t\t<div class=\"elementor-widget-wrap\">\n\t\t\t\t\t\t<div class=\"elementor-element elementor-element-fb0c33a elementor-icon-list--layout-inline elementor-list-item-link-full_width elementor-widget elementor-widget-icon-list\" data-id=\"fb0c33a\" data-element_type=\"widget\" data-widget_type=\"icon-list.default\">\n\t\t\t\t<div class=\"elementor-widget-container\">\n\t\t\t\t\t<ul class=\"elementor-icon-list-items elementor-inline-items\">\n\t\t\t\t\t\t\t<li class=\"elementor-icon-list-item elementor-inline-item\">\n\t\t\t\t\t\t\t\t\t\t\t<a href=\"https:\/\/scopeendo.com.tr\">\n\n\t\t\t\t\t\t\t\t\t\t\t<span class=\"elementor-icon-list-text\">Anasayfa<\/span>\n\t\t\t\t\t\t\t\t\t\t\t<\/a>\n\t\t\t\t\t\t\t\t\t<\/li>\n\t\t\t\t\t\t\t\t<li class=\"elementor-icon-list-item elementor-inline-item\">\n\t\t\t\t\t\t\t\t\t\t\t<a href=\"#\">\n\n\t\t\t\t\t\t\t\t\t\t\t\t<span class=\"elementor-icon-list-icon\">\n\t\t\t\t\t\t\t<i aria-hidden=\"true\" class=\"fas fa-angle-right\"><\/i>\t\t\t\t\t\t<\/span>\n\t\t\t\t\t\t\t\t\t\t<span class=\"elementor-icon-list-text\"><\/span>\n\t\t\t\t\t\t\t\t\t\t\t<\/a>\n\t\t\t\t\t\t\t\t\t<\/li>\n\t\t\t\t\t\t<\/ul>\n\t\t\t\t<\/div>\n\t\t\t\t<\/div>\n\t\t\t\t<div class=\"elementor-element elementor-element-c82538f elementor-widget elementor-widget-elementskit-heading\" data-id=\"c82538f\" data-element_type=\"widget\" data-widget_type=\"elementskit-heading.default\">\n\t\t\t\t<div class=\"elementor-widget-container\">\n\t\t\t<div class=\"ekit-wid-con\" ><div class=\"ekit-heading elementskit-section-title-wraper text_left   ekit_heading_tablet-   ekit_heading_mobile-\"><\/div><\/div>\t\t<\/div>\n\t\t\t\t<\/div>\n\t\t\t\t\t\t<\/div>\n\t\t\t\t\t<\/div>\n\t\t<\/div>\n\t\t\t\t<div class=\"elementor-column elementor-col-50 elementor-top-column elementor-element elementor-element-f19d278\" data-id=\"f19d278\" data-element_type=\"column\">\n\t\t\t<div class=\"elementor-column-wrap\">\n\t\t\t\t\t\t\t<div class=\"elementor-widget-wrap\">\n\t\t\t\t\t\t\t\t<\/div>\n\t\t\t\t\t<\/div>\n\t\t<\/div>\n\t\t\t\t\t\t\t\t<\/div>\n\t\t\t\t\t<\/div>\n\t\t<\/section>\n\t\t\t\t<section class=\"elementor-section elementor-top-section elementor-element elementor-element-cd7e127 elementor-section-boxed elementor-section-height-default elementor-section-height-default\" data-id=\"cd7e127\" data-element_type=\"section\">\n\t\t\t\t\t\t<div class=\"elementor-container elementor-column-gap-default\">\n\t\t\t\t\t\t\t<div class=\"elementor-row\">\n\t\t\t\t\t<div class=\"elementor-column elementor-col-50 elementor-top-column elementor-element elementor-element-7647eed\" data-id=\"7647eed\" data-element_type=\"column\">\n\t\t\t<div class=\"elementor-column-wrap elementor-element-populated\">\n\t\t\t\t\t\t\t<div class=\"elementor-widget-wrap\">\n\t\t\t\t\t\t<section class=\"elementor-section elementor-inner-section elementor-element elementor-element-7edaf4e elementor-section-boxed elementor-section-height-default elementor-section-height-default\" data-id=\"7edaf4e\" data-element_type=\"section\">\n\t\t\t\t\t\t<div class=\"elementor-container elementor-column-gap-no\">\n\t\t\t\t\t\t\t<div class=\"elementor-row\">\n\t\t\t\t\t<div class=\"elementor-column elementor-col-100 elementor-inner-column elementor-element elementor-element-f6f75fe\" data-id=\"f6f75fe\" data-element_type=\"column\">\n\t\t\t<div class=\"elementor-column-wrap elementor-element-populated\">\n\t\t\t\t\t\t\t<div class=\"elementor-widget-wrap\">\n\t\t\t\t\t\t<div class=\"elementor-element elementor-element-652ba31 elementor-widget-divider--view-line elementor-widget elementor-widget-divider\" data-id=\"652ba31\" data-element_type=\"widget\" data-widget_type=\"divider.default\">\n\t\t\t\t<div class=\"elementor-widget-container\">\n\t\t\t\t\t<div class=\"elementor-divider\">\n\t\t\t<span class=\"elementor-divider-separator\">\n\t\t\t\t\t\t<\/span>\n\t\t<\/div>\n\t\t\t\t<\/div>\n\t\t\t\t<\/div>\n\t\t\t\t<div class=\"elementor-element elementor-element-4a7930af elementor-widget elementor-widget-text-editor\" data-id=\"4a7930af\" data-element_type=\"widget\" data-widget_type=\"text-editor.default\">\n\t\t\t\t<div class=\"elementor-widget-container\">\n\t\t\t\t\t\t\t\t<div class=\"elementor-text-editor elementor-clearfix\">\n\t\t\t\t<!-- wp:paragraph -->\r\n<p>S\u00fcrekli yenilik ve geli\u015fim faaliyeti, daha iyisi prensibi ile ortaya konulan, \u00f6zel martensit faz transformasyonu i\u015flem parametreleri ile esneklik art\u0131\u015f\u0131 avantaj\u0131 sa\u011flayan \u0131s\u0131l i\u015flem teknolojisi. \u00d6zel \u0131s\u0131l i\u015flem ile klinik ve bilimsel referansa dayal\u0131 olarak esneklik art\u0131\u015f\u0131 ile daha y\u00fcksek performans kan\u0131tlanm\u0131\u015ft\u0131r.<\/p>\r\n<!-- \/wp:paragraph -->\r\n\r\n<!-- wp:paragraph -->\r\n<p>Ortaya \u00e7\u0131kan \u00f6zel ala\u015f\u0131m ile stres ve strain dayan\u0131m\u0131 y\u00fcksek s\u00fcperelastiklik ve \u015fekil haf\u0131za \u00f6zelli\u011fi hibrit bir sistem ortaya konulmu\u015ftur. Y\u00fcksek yorulma dayan\u0131m\u0131 ile daha uzun \u00f6m\u00fcr performans\u0131 \u00f6zel testlerimizde kan\u0131tlanm\u0131\u015ft\u0131r.<\/p>\r\n<!-- \/wp:paragraph -->\r\n\r\n<!-- wp:image {\"id\":107,\"sizeSlug\":\"large\"} -->\r\n<figure class=\"wp-block-image size-large\"><img decoding=\"async\" loading=\"lazy\" width=\"1024\" height=\"548\" class=\"wp-image-107\" src=\"https:\/\/scopeendo.com.tr\/wp\/wp-content\/uploads\/2020\/11\/image-1.png\" alt=\"\" srcset=\"https:\/\/scopeendo.com.tr\/wp-content\/uploads\/2020\/11\/image-1.png 1024w, https:\/\/scopeendo.com.tr\/wp-content\/uploads\/2020\/11\/image-1-300x161.png 300w, https:\/\/scopeendo.com.tr\/wp-content\/uploads\/2020\/11\/image-1-768x411.png 768w\" sizes=\"(max-width: 1024px) 100vw, 1024px\" \/><\/figure>\r\n<!-- \/wp:image -->\r\n\r\n<!-- wp:image {\"id\":108,\"sizeSlug\":\"large\"} -->\r\n<figure class=\"wp-block-image size-large\"><img decoding=\"async\" loading=\"lazy\" width=\"1024\" height=\"604\" class=\"wp-image-108\" src=\"https:\/\/scopeendo.com.tr\/wp\/wp-content\/uploads\/2020\/11\/image-2.png\" alt=\"\" srcset=\"https:\/\/scopeendo.com.tr\/wp-content\/uploads\/2020\/11\/image-2.png 1024w, https:\/\/scopeendo.com.tr\/wp-content\/uploads\/2020\/11\/image-2-300x177.png 300w, https:\/\/scopeendo.com.tr\/wp-content\/uploads\/2020\/11\/image-2-768x453.png 768w\" sizes=\"(max-width: 1024px) 100vw, 1024px\" \/><\/figure>\r\n<!-- \/wp:image -->\r\n\r\n<!-- wp:image {\"align\":\"center\",\"id\":649,\"sizeSlug\":\"large\"} -->\r\n<div class=\"wp-block-image\">\r\n<figure class=\"aligncenter size-large\"><img decoding=\"async\" loading=\"lazy\" width=\"1024\" height=\"870\" class=\"wp-image-649\" src=\"https:\/\/scopeendo.com.tr\/wp-content\/uploads\/2021\/01\/isil@4x-1024x870.png\" alt=\"\" srcset=\"https:\/\/scopeendo.com.tr\/wp-content\/uploads\/2021\/01\/isil@4x-1024x870.png 1024w, https:\/\/scopeendo.com.tr\/wp-content\/uploads\/2021\/01\/isil@4x-300x255.png 300w, https:\/\/scopeendo.com.tr\/wp-content\/uploads\/2021\/01\/isil@4x-768x652.png 768w, https:\/\/scopeendo.com.tr\/wp-content\/uploads\/2021\/01\/isil@4x-1536x1305.png 1536w, https:\/\/scopeendo.com.tr\/wp-content\/uploads\/2021\/01\/isil@4x-2048x1739.png 2048w\" sizes=\"(max-width: 1024px) 100vw, 1024px\" \/><\/figure>\r\n<\/div>\r\n<!-- \/wp:image -->\r\n\r\n<!-- wp:heading -->\r\n<h2>\u00dcst D\u00fczey M\u00fchendislik ve Tasar\u0131m<\/h2>\r\n<!-- \/wp:heading -->\r\n\r\n<!-- wp:paragraph -->\r\n<p>Scope \u00fcr\u00fcnlerinin tasar\u0131mlar\u0131, alan\u0131nda tecr\u00fcbeli ve bilgi birikimine sahip m\u00fchendislerimiz taraf\u0131ndan yap\u0131lmaktad\u0131r. B\u00fct\u00fcn tasar\u0131mlar bilgisayar ortam\u0131nda tasarlanarak, y\u00fcksek performans ve kalite i\u00e7in analiz edilmektedir. Analiz sonucunda gerekli g\u00f6r\u00fclmesi halinde, \u00fcr\u00fcn\u00fcn performas\u0131n\u0131 art\u0131racak modifikasyonlar ger\u00e7ekle\u015ftirilip, son ve kusursuz haliyle \u00fcretime al\u0131nmaktad\u0131r.<\/p>\r\n<!-- \/wp:paragraph -->\r\n\r\n<!-- wp:image {\"id\":109,\"sizeSlug\":\"large\"} -->\r\n<figure class=\"wp-block-image size-large\"><img decoding=\"async\" loading=\"lazy\" width=\"1024\" height=\"808\" class=\"wp-image-109\" src=\"https:\/\/scopeendo.com.tr\/wp\/wp-content\/uploads\/2020\/11\/image-3.png\" alt=\"\" srcset=\"https:\/\/scopeendo.com.tr\/wp-content\/uploads\/2020\/11\/image-3.png 1024w, https:\/\/scopeendo.com.tr\/wp-content\/uploads\/2020\/11\/image-3-300x237.png 300w, https:\/\/scopeendo.com.tr\/wp-content\/uploads\/2020\/11\/image-3-768x606.png 768w\" sizes=\"(max-width: 1024px) 100vw, 1024px\" \/><\/figure>\r\n<!-- \/wp:image -->\r\n\r\n<!-- wp:image {\"id\":110,\"sizeSlug\":\"large\"} -->\r\n<figure class=\"wp-block-image size-large\"><img decoding=\"async\" loading=\"lazy\" width=\"1024\" height=\"364\" class=\"wp-image-110\" src=\"https:\/\/scopeendo.com.tr\/wp\/wp-content\/uploads\/2020\/11\/image-4.png\" alt=\"\" srcset=\"https:\/\/scopeendo.com.tr\/wp-content\/uploads\/2020\/11\/image-4.png 1024w, https:\/\/scopeendo.com.tr\/wp-content\/uploads\/2020\/11\/image-4-300x107.png 300w, https:\/\/scopeendo.com.tr\/wp-content\/uploads\/2020\/11\/image-4-768x273.png 768w\" sizes=\"(max-width: 1024px) 100vw, 1024px\" \/><\/figure>\r\n<!-- \/wp:image -->\t\t\t\t\t<\/div>\n\t\t\t\t\t\t<\/div>\n\t\t\t\t<\/div>\n\t\t\t\t\t\t<\/div>\n\t\t\t\t\t<\/div>\n\t\t<\/div>\n\t\t\t\t\t\t\t\t<\/div>\n\t\t\t\t\t<\/div>\n\t\t<\/section>\n\t\t\t\t\t\t<\/div>\n\t\t\t\t\t<\/div>\n\t\t<\/div>\n\t\t\t\t<div class=\"elementor-column elementor-col-50 elementor-top-column elementor-element elementor-element-d6942a6\" data-id=\"d6942a6\" data-element_type=\"column\">\n\t\t\t<div class=\"elementor-column-wrap elementor-element-populated\">\n\t\t\t\t\t\t\t<div class=\"elementor-widget-wrap\">\n\t\t\t\t\t\t<section class=\"elementor-section elementor-inner-section elementor-element elementor-element-46ed162 elementor-section-boxed elementor-section-height-default elementor-section-height-default\" data-id=\"46ed162\" data-element_type=\"section\">\n\t\t\t\t\t\t<div class=\"elementor-container elementor-column-gap-no\">\n\t\t\t\t\t\t\t<div class=\"elementor-row\">\n\t\t\t\t\t<div class=\"elementor-column elementor-col-100 elementor-inner-column elementor-element elementor-element-ef5e20f\" data-id=\"ef5e20f\" data-element_type=\"column\">\n\t\t\t<div class=\"elementor-column-wrap elementor-element-populated\">\n\t\t\t\t\t\t\t<div class=\"elementor-widget-wrap\">\n\t\t\t\t\t\t<div class=\"elementor-element elementor-element-081c754 elementor-widget elementor-widget-heading\" data-id=\"081c754\" data-element_type=\"widget\" data-widget_type=\"heading.default\">\n\t\t\t\t<div class=\"elementor-widget-container\">\n\t\t\t<h3 class=\"elementor-heading-title elementor-size-default\">Teknoloji<\/h3>\t\t<\/div>\n\t\t\t\t<\/div>\n\t\t\t\t<div class=\"elementor-element elementor-element-8e06acd elementor-widget-divider--view-line elementor-widget elementor-widget-divider\" data-id=\"8e06acd\" data-element_type=\"widget\" data-widget_type=\"divider.default\">\n\t\t\t\t<div class=\"elementor-widget-container\">\n\t\t\t\t\t<div class=\"elementor-divider\">\n\t\t\t<span class=\"elementor-divider-separator\">\n\t\t\t\t\t\t<\/span>\n\t\t<\/div>\n\t\t\t\t<\/div>\n\t\t\t\t<\/div>\n\t\t\t\t<div class=\"elementor-element elementor-element-29007d5 elementor-nav-menu--dropdown-tablet elementor-nav-menu__text-align-aside elementor-nav-menu--toggle elementor-nav-menu--burger elementor-widget elementor-widget-nav-menu\" data-id=\"29007d5\" data-element_type=\"widget\" data-settings=\"{&quot;layout&quot;:&quot;vertical&quot;,&quot;submenu_icon&quot;:{&quot;value&quot;:&quot;&lt;i class=\\&quot;fas fa-caret-down\\&quot;&gt;&lt;\\\/i&gt;&quot;,&quot;library&quot;:&quot;fa-solid&quot;},&quot;toggle&quot;:&quot;burger&quot;}\" data-widget_type=\"nav-menu.default\">\n\t\t\t\t<div class=\"elementor-widget-container\">\n\t\t\t\t\t\t<nav migration_allowed=\"1\" migrated=\"0\" class=\"elementor-nav-menu--main elementor-nav-menu__container elementor-nav-menu--layout-vertical e--pointer-underline e--animation-fade\">\n\t\t\t\t<ul id=\"menu-1-29007d5\" class=\"elementor-nav-menu sm-vertical\"><li class=\"menu-item menu-item-type-post_type menu-item-object-page menu-item-894\"><a href=\"https:\/\/scopeendo.com.tr\/doner-rotary-hareket\/\" class=\"elementor-item\">Rotary Movement<\/a><\/li>\n<li class=\"menu-item menu-item-type-post_type menu-item-object-page menu-item-895\"><a href=\"https:\/\/scopeendo.com.tr\/isil-islem-uygulanmis-niti-teknolojisi\/\" class=\"elementor-item\">Heat Treated NiTi Technology<\/a><\/li>\n<li class=\"menu-item menu-item-type-post_type menu-item-object-page menu-item-896\"><a href=\"https:\/\/scopeendo.com.tr\/resiprokal-hareket\/\" class=\"elementor-item\">Reciprocal Movement<\/a><\/li>\n<li class=\"menu-item menu-item-type-post_type menu-item-object-page menu-item-897\"><a href=\"https:\/\/scopeendo.com.tr\/yapisal-bolumler\/\" class=\"elementor-item\">Structural Sections<\/a><\/li>\n<li class=\"menu-item menu-item-type-post_type menu-item-object-page menu-item-898\"><a href=\"https:\/\/scopeendo.com.tr\/yuksek-hizli-interpolasyon-isleme-teknolojisi\/\" class=\"elementor-item\">High Speed Interpolation Processing Technology<\/a><\/li>\n<\/ul>\t\t\t<\/nav>\n\t\t\t\t\t<div class=\"elementor-menu-toggle\" role=\"button\" tabindex=\"0\" aria-label=\"Menu Toggle\" aria-expanded=\"false\">\n\t\t\t<i aria-hidden=\"true\" role=\"presentation\" class=\"elementor-menu-toggle__icon--open eicon-menu-bar\"><\/i><i aria-hidden=\"true\" role=\"presentation\" class=\"elementor-menu-toggle__icon--close eicon-close\"><\/i>\t\t\t<span class=\"elementor-screen-only\">Menu<\/span>\n\t\t<\/div>\n\t\t\t\t\t<nav class=\"elementor-nav-menu--dropdown elementor-nav-menu__container\" aria-hidden=\"true\">\n\t\t\t\t<ul id=\"menu-2-29007d5\" class=\"elementor-nav-menu sm-vertical\"><li class=\"menu-item menu-item-type-post_type menu-item-object-page menu-item-894\"><a href=\"https:\/\/scopeendo.com.tr\/doner-rotary-hareket\/\" class=\"elementor-item\" tabindex=\"-1\">Rotary Movement<\/a><\/li>\n<li class=\"menu-item menu-item-type-post_type menu-item-object-page menu-item-895\"><a href=\"https:\/\/scopeendo.com.tr\/isil-islem-uygulanmis-niti-teknolojisi\/\" class=\"elementor-item\" tabindex=\"-1\">Heat Treated NiTi Technology<\/a><\/li>\n<li class=\"menu-item menu-item-type-post_type menu-item-object-page menu-item-896\"><a href=\"https:\/\/scopeendo.com.tr\/resiprokal-hareket\/\" class=\"elementor-item\" tabindex=\"-1\">Reciprocal Movement<\/a><\/li>\n<li class=\"menu-item menu-item-type-post_type menu-item-object-page menu-item-897\"><a href=\"https:\/\/scopeendo.com.tr\/yapisal-bolumler\/\" class=\"elementor-item\" tabindex=\"-1\">Structural Sections<\/a><\/li>\n<li class=\"menu-item menu-item-type-post_type menu-item-object-page menu-item-898\"><a href=\"https:\/\/scopeendo.com.tr\/yuksek-hizli-interpolasyon-isleme-teknolojisi\/\" class=\"elementor-item\" tabindex=\"-1\">High Speed Interpolation Processing Technology<\/a><\/li>\n<\/ul>\t\t\t<\/nav>\n\t\t\t\t<\/div>\n\t\t\t\t<\/div>\n\t\t\t\t\t\t<\/div>\n\t\t\t\t\t<\/div>\n\t\t<\/div>\n\t\t\t\t\t\t\t\t<\/div>\n\t\t\t\t\t<\/div>\n\t\t<\/section>\n\t\t\t\t\t\t<\/div>\n\t\t\t\t\t<\/div>\n\t\t<\/div>\n\t\t\t\t\t\t\t\t<\/div>\n\t\t\t\t\t<\/div>\n\t\t<\/section>\n\t\t\t\t\t\t\t\t\t<\/div>\n\t\t\t<\/div>\n\t\t\t\t\t<\/div>\n\t\t","protected":false},"excerpt":{"rendered":"","protected":false},"author":1,"featured_media":0,"parent":0,"menu_order":0,"comment_status":"closed","ping_status":"closed","template":"elementor_header_footer","meta":[],"_links":{"self":[{"href":"https:\/\/scopeendo.com.tr\/en\/wp-json\/wp\/v2\/pages\/1198"}],"collection":[{"href":"https:\/\/scopeendo.com.tr\/en\/wp-json\/wp\/v2\/pages"}],"about":[{"href":"https:\/\/scopeendo.com.tr\/en\/wp-json\/wp\/v2\/types\/page"}],"author":[{"embeddable":true,"href":"https:\/\/scopeendo.com.tr\/en\/wp-json\/wp\/v2\/users\/1"}],"replies":[{"embeddable":true,"href":"https:\/\/scopeendo.com.tr\/en\/wp-json\/wp\/v2\/comments?post=1198"}],"version-history":[{"count":1,"href":"https:\/\/scopeendo.com.tr\/en\/wp-json\/wp\/v2\/pages\/1198\/revisions"}],"predecessor-version":[{"id":1201,"href":"https:\/\/scopeendo.com.tr\/en\/wp-json\/wp\/v2\/pages\/1198\/revisions\/1201"}],"wp:attachment":[{"href":"https:\/\/scopeendo.com.tr\/en\/wp-json\/wp\/v2\/media?parent=1198"}],"curies":[{"name":"wp","href":"https:\/\/api.w.org\/{rel}","templated":true}]}}