{"id":1199,"date":"2020-11-26T07:53:06","date_gmt":"2020-11-26T04:53:06","guid":{"rendered":"https:\/\/scopeendo.com.tr\/?page_id=1199"},"modified":"2022-12-29T12:23:54","modified_gmt":"2022-12-29T09:23:54","slug":"quality-management","status":"publish","type":"page","link":"https:\/\/scopeendo.com.tr\/en\/quality-management\/","title":{"rendered":"Quality Management"},"content":{"rendered":"\t\t<div data-elementor-type=\"wp-page\" data-elementor-id=\"1199\" class=\"elementor elementor-1199 elementor-112\">\n\t\t\t\t\t\t<div class=\"elementor-inner\">\n\t\t\t\t<div class=\"elementor-section-wrap\">\n\t\t\t\t\t\t\t\t\t<section class=\"elementor-section elementor-top-section elementor-element elementor-element-5730836 elementor-reverse-tablet elementor-reverse-mobile elementor-section-boxed elementor-section-height-default elementor-section-height-default\" data-id=\"5730836\" data-element_type=\"section\" data-settings=\"{&quot;background_background&quot;:&quot;classic&quot;}\">\n\t\t\t\t\t\t\t<div class=\"elementor-background-overlay\"><\/div>\n\t\t\t\t\t\t\t<div class=\"elementor-container elementor-column-gap-default\">\n\t\t\t\t\t\t\t<div class=\"elementor-row\">\n\t\t\t\t\t<div class=\"elementor-column elementor-col-50 elementor-top-column elementor-element elementor-element-fb545f7\" data-id=\"fb545f7\" data-element_type=\"column\">\n\t\t\t<div class=\"elementor-column-wrap elementor-element-populated\">\n\t\t\t\t\t\t\t<div class=\"elementor-widget-wrap\">\n\t\t\t\t\t\t<div class=\"elementor-element elementor-element-02f2dd5 elementor-icon-list--layout-inline elementor-list-item-link-full_width elementor-widget elementor-widget-icon-list\" data-id=\"02f2dd5\" data-element_type=\"widget\" data-widget_type=\"icon-list.default\">\n\t\t\t\t<div class=\"elementor-widget-container\">\n\t\t\t\t\t<ul class=\"elementor-icon-list-items elementor-inline-items\">\n\t\t\t\t\t\t\t<li class=\"elementor-icon-list-item elementor-inline-item\">\n\t\t\t\t\t\t\t\t\t\t\t<a href=\"https:\/\/scopeendo.com.tr\">\n\n\t\t\t\t\t\t\t\t\t\t\t<span class=\"elementor-icon-list-text\">Anasayfa<\/span>\n\t\t\t\t\t\t\t\t\t\t\t<\/a>\n\t\t\t\t\t\t\t\t\t<\/li>\n\t\t\t\t\t\t\t\t<li class=\"elementor-icon-list-item elementor-inline-item\">\n\t\t\t\t\t\t\t\t\t\t\t<a href=\"#\">\n\n\t\t\t\t\t\t\t\t\t\t\t\t<span class=\"elementor-icon-list-icon\">\n\t\t\t\t\t\t\t<i aria-hidden=\"true\" class=\"fas fa-angle-right\"><\/i>\t\t\t\t\t\t<\/span>\n\t\t\t\t\t\t\t\t\t\t<span class=\"elementor-icon-list-text\"><\/span>\n\t\t\t\t\t\t\t\t\t\t\t<\/a>\n\t\t\t\t\t\t\t\t\t<\/li>\n\t\t\t\t\t\t<\/ul>\n\t\t\t\t<\/div>\n\t\t\t\t<\/div>\n\t\t\t\t<div class=\"elementor-element elementor-element-f103341 elementor-widget elementor-widget-elementskit-heading\" data-id=\"f103341\" data-element_type=\"widget\" data-widget_type=\"elementskit-heading.default\">\n\t\t\t\t<div class=\"elementor-widget-container\">\n\t\t\t<div class=\"ekit-wid-con\" ><div class=\"ekit-heading elementskit-section-title-wraper text_left   ekit_heading_tablet-   ekit_heading_mobile-\"><\/div><\/div>\t\t<\/div>\n\t\t\t\t<\/div>\n\t\t\t\t\t\t<\/div>\n\t\t\t\t\t<\/div>\n\t\t<\/div>\n\t\t\t\t<div class=\"elementor-column elementor-col-50 elementor-top-column elementor-element elementor-element-3c32499\" data-id=\"3c32499\" data-element_type=\"column\">\n\t\t\t<div class=\"elementor-column-wrap\">\n\t\t\t\t\t\t\t<div class=\"elementor-widget-wrap\">\n\t\t\t\t\t\t\t\t<\/div>\n\t\t\t\t\t<\/div>\n\t\t<\/div>\n\t\t\t\t\t\t\t\t<\/div>\n\t\t\t\t\t<\/div>\n\t\t<\/section>\n\t\t\t\t<section class=\"elementor-section elementor-top-section elementor-element elementor-element-442715b elementor-section-boxed elementor-section-height-default elementor-section-height-default\" data-id=\"442715b\" data-element_type=\"section\">\n\t\t\t\t\t\t<div class=\"elementor-container elementor-column-gap-default\">\n\t\t\t\t\t\t\t<div class=\"elementor-row\">\n\t\t\t\t\t<div class=\"elementor-column elementor-col-50 elementor-top-column elementor-element elementor-element-16ee27a\" data-id=\"16ee27a\" data-element_type=\"column\">\n\t\t\t<div class=\"elementor-column-wrap elementor-element-populated\">\n\t\t\t\t\t\t\t<div class=\"elementor-widget-wrap\">\n\t\t\t\t\t\t<section class=\"elementor-section elementor-inner-section elementor-element elementor-element-3572be2 elementor-section-boxed elementor-section-height-default elementor-section-height-default\" data-id=\"3572be2\" data-element_type=\"section\">\n\t\t\t\t\t\t<div class=\"elementor-container elementor-column-gap-no\">\n\t\t\t\t\t\t\t<div class=\"elementor-row\">\n\t\t\t\t\t<div class=\"elementor-column elementor-col-100 elementor-inner-column elementor-element elementor-element-6decf4d\" data-id=\"6decf4d\" data-element_type=\"column\">\n\t\t\t<div class=\"elementor-column-wrap elementor-element-populated\">\n\t\t\t\t\t\t\t<div class=\"elementor-widget-wrap\">\n\t\t\t\t\t\t<div class=\"elementor-element elementor-element-668cc2b elementor-widget-divider--view-line elementor-widget elementor-widget-divider\" data-id=\"668cc2b\" data-element_type=\"widget\" data-widget_type=\"divider.default\">\n\t\t\t\t<div class=\"elementor-widget-container\">\n\t\t\t\t\t<div class=\"elementor-divider\">\n\t\t\t<span class=\"elementor-divider-separator\">\n\t\t\t\t\t\t<\/span>\n\t\t<\/div>\n\t\t\t\t<\/div>\n\t\t\t\t<\/div>\n\t\t\t\t<div class=\"elementor-element elementor-element-3f31d310 elementor-widget elementor-widget-text-editor\" data-id=\"3f31d310\" data-element_type=\"widget\" data-widget_type=\"text-editor.default\">\n\t\t\t\t<div class=\"elementor-widget-container\">\n\t\t\t\t\t\t\t\t<div class=\"elementor-text-editor elementor-clearfix\">\n\t\t\t\t<!-- wp:heading -->\r\n<h2>Kalite Felsefemiz;<\/h2>\r\n<!-- \/wp:heading -->\r\n\r\n<!-- wp:list -->\r\n<ul>\r\n<li>E\u011fer kabul edilmi\u015f bir ISO standart\u0131 varsa standart gereklilikleri uygulan\u0131r.<\/li>\r\n<li>E\u011fer mevcut duruma g\u00f6re uygulanabilir bir ISO standart\u0131 yok ise, \u015firket standart\u0131 kurulur.<\/li>\r\n<li>T\u00fcm i\u015flerin hatta s\u0131k yap\u0131lmayan i\u015flerin bile SOP\u2019lerini (Standart Operasyon Prosed\u00fcrleri) belirlenir ve uygulan\u0131r.<\/li>\r\n<\/ul>\r\n<!-- \/wp:list -->\r\n\r\n<!-- wp:heading -->\r\n<h2>Kalite Politikam\u0131z;<\/h2>\r\n<!-- \/wp:heading -->\r\n\r\n<!-- wp:list -->\r\n<ul>\r\n<li>Periyodik e\u011fitimler<\/li>\r\n<li>Kalite sisteminin i\u015f tecr\u00fcbeleri \u0131\u015f\u0131\u011f\u0131nda s\u00fcrekli revizyonu<\/li>\r\n<li>\u0130malat\u00e7\u0131lar\u0131n ve kritik tedarik\u00e7ilerin periyodik denetlenmesi<\/li>\r\n<li>Temiz oda \u00e7al\u0131\u015fanlar\u0131n\u0131n temiz oda i\u00e7inde ve d\u0131\u015f\u0131ndaki davran\u0131\u015f kurallar\u0131 hakk\u0131nda periyodik e\u011fitimi<\/li>\r\n<\/ul>\r\n<!-- \/wp:list -->\r\n\r\n<!-- wp:paragraph -->\r\n<p>Firmam\u0131z \u201cISO 13485 T\u0131bbi Cihazlar i\u00e7in Kalite Y\u00f6netim Sistemi\u201d ve \u201cCE\u201d belgesine sahip olup Meddev 93\/42\/ecc standartlar\u0131na uygun olarak kalite y\u00f6netim sistemini yap\u0131land\u0131rm\u0131\u015ft\u0131r. \u0130malat proses y\u00f6netimi,kalite y\u00f6netimi bu standartlara g\u00f6re ger\u00e7ekle\u015ftirilmektedir.<\/p>\r\n<!-- \/wp:paragraph -->\r\n\r\n<!-- wp:paragraph -->\r\n<p>Kalite sistemimiz kapsam\u0131nda \u00fcr\u00fcnlerin, hassas optik \u00f6l\u00e7\u00fcm cihazlar\u0131nda \u00f6l\u00e7\u00fcmleri ve bilgisayar kontroll\u00fc \u00fcr\u00fcne \u00f6zel test cihazlar\u0131nda mekanik tesleri yap\u0131lmaktad\u0131r. Metal \u00fcr\u00fcnlerimiz i\u00e7in korozyon testi uygulanmaktad\u0131r. Bunlar haricinde firma prosed\u00fcr\u00fc kapsam\u0131nda kullan\u0131c\u0131n\u0131n tedavi ba\u015far\u0131 performans\u0131n\u0131 artt\u0131rmak ama\u00e7l\u0131, dinamik ve statik olarak \u00e7e\u015fitli sim\u00fcle performans testleri uygulanmaktad\u0131r.<\/p>\r\n<!-- \/wp:paragraph -->\r\n\r\n<!-- wp:paragraph -->\r\n<p>Kalite sistemimiz i\u00e7erisinde kalitede s\u00fcreklilik ilkesi kurulu\u015fumuzun en \u00f6nemli prensipleri i\u00e7erisinde yer almaktad\u0131r. Ayr\u0131ca \u00fcr\u00fcnlerimizin %100 g\u00f6rsel kontol\u00fc ger\u00e7ekle\u015ftirilmektedir. Riskleri en aza indirgeme ve kullan\u0131c\u0131lara kaliteli \u00e7\u00f6z\u00fcmler sunabilmek temel kurulu\u015fumuzun temel kalite prensibidir.<\/p>\r\n<!-- \/wp:paragraph -->\t\t\t\t\t<\/div>\n\t\t\t\t\t\t<\/div>\n\t\t\t\t<\/div>\n\t\t\t\t\t\t<\/div>\n\t\t\t\t\t<\/div>\n\t\t<\/div>\n\t\t\t\t\t\t\t\t<\/div>\n\t\t\t\t\t<\/div>\n\t\t<\/section>\n\t\t\t\t\t\t<\/div>\n\t\t\t\t\t<\/div>\n\t\t<\/div>\n\t\t\t\t<div class=\"elementor-column elementor-col-50 elementor-top-column elementor-element elementor-element-45b80db\" data-id=\"45b80db\" data-element_type=\"column\">\n\t\t\t<div class=\"elementor-column-wrap\">\n\t\t\t\t\t\t\t<div class=\"elementor-widget-wrap\">\n\t\t\t\t\t\t\t\t<\/div>\n\t\t\t\t\t<\/div>\n\t\t<\/div>\n\t\t\t\t\t\t\t\t<\/div>\n\t\t\t\t\t<\/div>\n\t\t<\/section>\n\t\t\t\t\t\t\t\t\t<\/div>\n\t\t\t<\/div>\n\t\t\t\t\t<\/div>\n\t\t","protected":false},"excerpt":{"rendered":"","protected":false},"author":1,"featured_media":0,"parent":0,"menu_order":0,"comment_status":"closed","ping_status":"closed","template":"elementor_header_footer","meta":[],"_links":{"self":[{"href":"https:\/\/scopeendo.com.tr\/en\/wp-json\/wp\/v2\/pages\/1199"}],"collection":[{"href":"https:\/\/scopeendo.com.tr\/en\/wp-json\/wp\/v2\/pages"}],"about":[{"href":"https:\/\/scopeendo.com.tr\/en\/wp-json\/wp\/v2\/types\/page"}],"author":[{"embeddable":true,"href":"https:\/\/scopeendo.com.tr\/en\/wp-json\/wp\/v2\/users\/1"}],"replies":[{"embeddable":true,"href":"https:\/\/scopeendo.com.tr\/en\/wp-json\/wp\/v2\/comments?post=1199"}],"version-history":[{"count":1,"href":"https:\/\/scopeendo.com.tr\/en\/wp-json\/wp\/v2\/pages\/1199\/revisions"}],"predecessor-version":[{"id":1200,"href":"https:\/\/scopeendo.com.tr\/en\/wp-json\/wp\/v2\/pages\/1199\/revisions\/1200"}],"wp:attachment":[{"href":"https:\/\/scopeendo.com.tr\/en\/wp-json\/wp\/v2\/media?parent=1199"}],"curies":[{"name":"wp","href":"https:\/\/api.w.org\/{rel}","templated":true}]}}