{"id":1219,"date":"2020-11-26T08:07:04","date_gmt":"2020-11-26T05:07:04","guid":{"rendered":"https:\/\/scopeendo.com.tr\/?page_id=1219"},"modified":"2022-12-29T12:34:21","modified_gmt":"2022-12-29T09:34:21","slug":"scope-rs-makale","status":"publish","type":"page","link":"https:\/\/scopeendo.com.tr\/en\/scope-rs-makale\/","title":{"rendered":"Scope RS Makale"},"content":{"rendered":"\t\t<div data-elementor-type=\"wp-page\" data-elementor-id=\"1219\" class=\"elementor elementor-1219 elementor-181\">\n\t\t\t\t\t\t<div class=\"elementor-inner\">\n\t\t\t\t<div class=\"elementor-section-wrap\">\n\t\t\t\t\t\t\t\t\t<section class=\"elementor-section elementor-top-section elementor-element elementor-element-34dad3f elementor-section-boxed elementor-section-height-default elementor-section-height-default\" data-id=\"34dad3f\" data-element_type=\"section\">\n\t\t\t\t\t\t<div class=\"elementor-container elementor-column-gap-default\">\n\t\t\t\t\t\t\t<div class=\"elementor-row\">\n\t\t\t\t\t<div class=\"elementor-column elementor-col-100 elementor-top-column elementor-element elementor-element-706793d\" data-id=\"706793d\" data-element_type=\"column\">\n\t\t\t<div class=\"elementor-column-wrap elementor-element-populated\">\n\t\t\t\t\t\t\t<div class=\"elementor-widget-wrap\">\n\t\t\t\t\t\t<div class=\"elementor-element elementor-element-016cd48 elementor-widget elementor-widget-heading\" data-id=\"016cd48\" data-element_type=\"widget\" data-widget_type=\"heading.default\">\n\t\t\t\t<div class=\"elementor-widget-container\">\n\t\t\t<h2 class=\"elementor-heading-title elementor-size-default\"><h1 style=\"margin-bottom: 0.75em; border: 0px; font-variant-numeric: inherit; font-variant-east-asian: inherit; font-weight: 600; font-stretch: inherit; font-size: 40px; line-height: 1.25; font-family: &quot;Open Sans&quot;, sans-serif; vertical-align: baseline; color: rgb(0, 97, 161); white-space: normal;\">Yeni Scope RS kanal e\u011felerinin statik ve dinamik burulma ve yorulma direnci ara\u015ft\u0131rma makalesi<span style=\"color: rgb(110, 193, 228); font-family: Roboto, sans-serif; font-size: 28px; white-space: pre-wrap;\"><\/span><br><\/h1><\/h2>\t\t<\/div>\n\t\t\t\t<\/div>\n\t\t\t\t\t\t<\/div>\n\t\t\t\t\t<\/div>\n\t\t<\/div>\n\t\t\t\t\t\t\t\t<\/div>\n\t\t\t\t\t<\/div>\n\t\t<\/section>\n\t\t\t\t<section class=\"elementor-section elementor-top-section elementor-element elementor-element-e6713b4 elementor-section-boxed elementor-section-height-default elementor-section-height-default\" data-id=\"e6713b4\" data-element_type=\"section\">\n\t\t\t\t\t\t<div class=\"elementor-container elementor-column-gap-default\">\n\t\t\t\t\t\t\t<div class=\"elementor-row\">\n\t\t\t\t\t<div class=\"elementor-column elementor-col-100 elementor-top-column elementor-element elementor-element-5be153f\" data-id=\"5be153f\" data-element_type=\"column\">\n\t\t\t<div class=\"elementor-column-wrap elementor-element-populated\">\n\t\t\t\t\t\t\t<div class=\"elementor-widget-wrap\">\n\t\t\t\t\t\t<div class=\"elementor-element elementor-element-a5bdf23 elementor-widget elementor-widget-text-editor\" data-id=\"a5bdf23\" data-element_type=\"widget\" data-widget_type=\"text-editor.default\">\n\t\t\t\t<div class=\"elementor-widget-container\">\n\t\t\t\t\t\t\t\t<div class=\"elementor-text-editor elementor-clearfix\">\n\t\t\t\t<p><b style=\"border: 0px; font-variant-numeric: inherit; font-variant-east-asian: inherit; font-stretch: inherit; font-size: 16px; line-height: inherit; font-family: 'Open Sans', sans-serif; vertical-align: baseline; color: #666666;\">Authors:<\/b><span style=\"color: #191e23; font-family: 'Noto Serif'; font-size: 16px; white-space: pre-wrap;\">Do\u00e7. Dr. Ekim Onur ORHAN, Dr. \u0130hsan Furkan ERTU\u011eRUL, Dt. Samet TOSUN<\/span><\/p><p><b style=\"border: 0px; font-variant-numeric: inherit; font-variant-east-asian: inherit; font-stretch: inherit; font-size: 16px; line-height: inherit; font-family: 'Open Sans', sans-serif; vertical-align: baseline; color: #666666;\">Year:<\/b><span style=\"color: #666666; font-family: 'Open Sans', sans-serif; font-size: 16px;\">\u00a0<\/span><span style=\"color: #191e23; font-family: 'Noto Serif'; font-size: 16px; white-space: pre-wrap;\">\u00a02020<\/span><br style=\"box-sizing: inherit; color: #191e23; font-family: 'Noto Serif'; font-size: 16px; white-space: pre-wrap;\" data-rich-text-line-break=\"true\" \/><b style=\"border: 0px; font-variant-numeric: inherit; font-variant-east-asian: inherit; font-stretch: inherit; font-size: 16px; line-height: inherit; font-family: 'Open Sans', sans-serif; vertical-align: baseline; color: #666666;\">Journal:\u00a0<\/b><span style=\"color: #191e23; font-family: 'Noto Serif'; font-size: 16px; white-space: pre-wrap;\">Wiley Online Library<\/span><br style=\"box-sizing: inherit; color: #191e23; font-family: 'Noto Serif'; font-size: 16px; white-space: pre-wrap;\" data-rich-text-line-break=\"true\" \/><span style=\"font-weight: 600; box-sizing: inherit; color: #191e23; font-family: 'Noto Serif'; font-size: 16px; white-space: pre-wrap;\"><b style=\"border: 0px; font-variant-numeric: inherit; font-variant-east-asian: inherit; font-stretch: inherit; line-height: inherit; font-family: 'Open Sans', sans-serif; vertical-align: baseline; color: #666666; white-space: normal;\">Keywords:<\/b>:\u00a0<\/span><span style=\"color: #191e23; font-family: 'Noto Serif'; font-size: 16px; white-space: pre-wrap;\">Scope, Rs, <\/span><\/p>\t\t\t\t\t<\/div>\n\t\t\t\t\t\t<\/div>\n\t\t\t\t<\/div>\n\t\t\t\t\t\t<\/div>\n\t\t\t\t\t<\/div>\n\t\t<\/div>\n\t\t\t\t\t\t\t\t<\/div>\n\t\t\t\t\t<\/div>\n\t\t<\/section>\n\t\t\t\t<section class=\"elementor-section elementor-top-section elementor-element elementor-element-9802519 elementor-section-boxed elementor-section-height-default elementor-section-height-default\" data-id=\"9802519\" data-element_type=\"section\">\n\t\t\t\t\t\t<div class=\"elementor-container elementor-column-gap-default\">\n\t\t\t\t\t\t\t<div class=\"elementor-row\">\n\t\t\t\t\t<div class=\"elementor-column elementor-col-100 elementor-top-column elementor-element elementor-element-c687935\" data-id=\"c687935\" data-element_type=\"column\">\n\t\t\t<div class=\"elementor-column-wrap elementor-element-populated\">\n\t\t\t\t\t\t\t<div class=\"elementor-widget-wrap\">\n\t\t\t\t\t\t<div class=\"elementor-element elementor-element-c3204d3 elementor-widget elementor-widget-text-editor\" data-id=\"c3204d3\" data-element_type=\"widget\" data-widget_type=\"text-editor.default\">\n\t\t\t\t<div class=\"elementor-widget-container\">\n\t\t\t\t\t\t\t\t<div class=\"elementor-text-editor elementor-clearfix\">\n\t\t\t\t<div style=\"box-sizing: border-box; margin: 0px; padding: 0px; border: 0px; font-style: normal; font-variant-ligatures: normal; font-variant-caps: normal; font-variant-numeric: inherit; font-variant-east-asian: inherit; font-weight: 400; font-stretch: inherit; font-size: 16px; line-height: inherit; font-family: 'Open Sans', sans-serif; vertical-align: baseline; color: #666666; letter-spacing: normal; orphans: 2; text-align: start; text-indent: 0px; text-transform: none; white-space: normal; widows: 2; word-spacing: 0px; -webkit-text-stroke-width: 0px; background-color: #ffffff; text-decoration-style: initial; text-decoration-color: initial;\">\u00a0<\/div><div style=\"box-sizing: border-box; margin: 0px; padding: 0px; border: 0px; font-style: normal; font-variant-ligatures: normal; font-variant-caps: normal; font-variant-numeric: inherit; font-variant-east-asian: inherit; font-weight: 400; font-stretch: inherit; font-size: 16px; line-height: inherit; font-family: 'Open Sans', sans-serif; vertical-align: baseline; color: #666666; letter-spacing: normal; orphans: 2; text-align: start; text-indent: 0px; text-transform: none; white-space: normal; widows: 2; word-spacing: 0px; -webkit-text-stroke-width: 0px; background-color: #ffffff; text-decoration-style: initial; text-decoration-color: initial;\"><p style=\"box-sizing: border-box; margin: 0px; padding: 0px 0px 25px; border: 0px; font: inherit; vertical-align: baseline;\"><span style=\"color: #1c1d1e; font-family: 'Open Sans', icomoon, sans-serif;\">To evaluate monotonic torsional resistance and fatigue resistance of novel SCOPE RS instruments and to compare ROTATE, Hyflex CM, OneCurve, and ProTaper Next instruments as a counterpart. The instrument groups were as follows: SCOPE RS; ROTATE; HyflexCM; OneCurve; ProTaperNext. The cyclic fatigue resistance of unused instruments was tested at both room and body temperatures (<\/span><i style=\"color: #1c1d1e; font-family: 'Open Sans', icomoon, sans-serif;\">n<\/i><span style=\"color: #1c1d1e; font-family: 'Open Sans', icomoon, sans-serif;\">\u00a0= 10). The time to fracture, the mean number of cycles until failure, and the length of the fractured fragments were analyzed. The monotonic torsional resistance of new instruments was measured in accordingly American National Standards\/American Dental Association No. 28 and International Organization for Standardization 3630\u20131:2008 specifications (<\/span><i style=\"color: #1c1d1e; font-family: 'Open Sans', icomoon, sans-serif;\">n<\/i><span style=\"color: #1c1d1e; font-family: 'Open Sans', icomoon, sans-serif;\">\u00a0= 10). The maximum torque and angular deflection at break were recorded. The fractographic examination was performed by scanning electron microscope. Energy\u2010dispersive X\u2010ray spectroscopy was used to investigate the microstructure of NiTi instruments. One\u2010way ANOVA with Games\u2010Howell Post Hoc multiple comparisons tests were used (<\/span><i style=\"color: #1c1d1e; font-family: 'Open Sans', icomoon, sans-serif;\">p<\/i><span style=\"color: #1c1d1e; font-family: 'Open Sans', icomoon, sans-serif;\">\u2009&lt;\u2009.05). The ROTATE had superior cyclic fatigue resistance than other groups in both temperature conditions (<\/span><i style=\"color: #1c1d1e; font-family: 'Open Sans', icomoon, sans-serif;\">p<\/i><span style=\"color: #1c1d1e; font-family: 'Open Sans', icomoon, sans-serif;\">\u2009&lt;\u2009.01). However, it exhibited lower torsional resistance than SCOPE RS (<\/span><i style=\"color: #1c1d1e; font-family: 'Open Sans', icomoon, sans-serif;\">p<\/i><span style=\"color: #1c1d1e; font-family: 'Open Sans', icomoon, sans-serif;\">\u2009&lt;\u2009.01). SCOPE RS had superior torsional resistance than other groups (<\/span><i style=\"color: #1c1d1e; font-family: 'Open Sans', icomoon, sans-serif;\">p<\/i><span style=\"color: #1c1d1e; font-family: 'Open Sans', icomoon, sans-serif;\">\u2009&lt;\u2009.01). Micrographs revealed typical features of fatigue behaviors in all groups. Weight percentages of the Ni and Ti revealed similarity for all instruments. The novel SCOPE RS instruments presented superior monotonic torsional resistance but failed to show any improvement in the cyclic fatigue resistance compared with its counterparts, ROTATE, HyflexCM, and OneCurve.<\/span><\/p><\/div>\t\t\t\t\t<\/div>\n\t\t\t\t\t\t<\/div>\n\t\t\t\t<\/div>\n\t\t\t\t\t\t<\/div>\n\t\t\t\t\t<\/div>\n\t\t<\/div>\n\t\t\t\t\t\t\t\t<\/div>\n\t\t\t\t\t<\/div>\n\t\t<\/section>\n\t\t\t\t<section class=\"elementor-section elementor-top-section elementor-element elementor-element-7c8bc97 elementor-section-boxed elementor-section-height-default elementor-section-height-default\" data-id=\"7c8bc97\" data-element_type=\"section\">\n\t\t\t\t\t\t<div class=\"elementor-container elementor-column-gap-default\">\n\t\t\t\t\t\t\t<div class=\"elementor-row\">\n\t\t\t\t\t<div class=\"elementor-column elementor-col-100 elementor-top-column elementor-element elementor-element-4dfcb06\" data-id=\"4dfcb06\" data-element_type=\"column\">\n\t\t\t<div class=\"elementor-column-wrap elementor-element-populated\">\n\t\t\t\t\t\t\t<div class=\"elementor-widget-wrap\">\n\t\t\t\t\t\t<div class=\"elementor-element elementor-element-0b35f87 elementor-widget elementor-widget-text-editor\" data-id=\"0b35f87\" data-element_type=\"widget\" data-widget_type=\"text-editor.default\">\n\t\t\t\t<div class=\"elementor-widget-container\">\n\t\t\t\t\t\t\t\t<div class=\"elementor-text-editor elementor-clearfix\">\n\t\t\t\t<p><b style=\"border: 0px; font-variant-numeric: inherit; font-variant-east-asian: inherit; font-stretch: inherit; font-size: 16px; line-height: inherit; font-family: &quot;Open Sans&quot;, sans-serif; vertical-align: baseline; color: rgb(102, 102, 102);\">Link to study:<\/b><span style=\"color: rgb(102, 102, 102); font-family: &quot;Open Sans&quot;, sans-serif; font-size: 16px;\">&nbsp;<\/span><a href=\"https:\/\/onlinelibrary.wiley.com\/doi\/full\/10.1002\/jemt.23565\">https:\/\/onlinelibrary.wiley.com\/doi\/full\/10.1002\/jemt.23565<\/a><br><\/p>\t\t\t\t\t<\/div>\n\t\t\t\t\t\t<\/div>\n\t\t\t\t<\/div>\n\t\t\t\t\t\t<\/div>\n\t\t\t\t\t<\/div>\n\t\t<\/div>\n\t\t\t\t\t\t\t\t<\/div>\n\t\t\t\t\t<\/div>\n\t\t<\/section>\n\t\t\t\t\t\t\t\t\t<\/div>\n\t\t\t<\/div>\n\t\t\t\t\t<\/div>\n\t\t","protected":false},"excerpt":{"rendered":"","protected":false},"author":1,"featured_media":0,"parent":0,"menu_order":0,"comment_status":"closed","ping_status":"closed","template":"elementor_header_footer","meta":[],"_links":{"self":[{"href":"https:\/\/scopeendo.com.tr\/en\/wp-json\/wp\/v2\/pages\/1219"}],"collection":[{"href":"https:\/\/scopeendo.com.tr\/en\/wp-json\/wp\/v2\/pages"}],"about":[{"href":"https:\/\/scopeendo.com.tr\/en\/wp-json\/wp\/v2\/types\/page"}],"author":[{"embeddable":true,"href":"https:\/\/scopeendo.com.tr\/en\/wp-json\/wp\/v2\/users\/1"}],"replies":[{"embeddable":true,"href":"https:\/\/scopeendo.com.tr\/en\/wp-json\/wp\/v2\/comments?post=1219"}],"version-history":[{"count":1,"href":"https:\/\/scopeendo.com.tr\/en\/wp-json\/wp\/v2\/pages\/1219\/revisions"}],"predecessor-version":[{"id":1222,"href":"https:\/\/scopeendo.com.tr\/en\/wp-json\/wp\/v2\/pages\/1219\/revisions\/1222"}],"wp:attachment":[{"href":"https:\/\/scopeendo.com.tr\/en\/wp-json\/wp\/v2\/media?parent=1219"}],"curies":[{"name":"wp","href":"https:\/\/api.w.org\/{rel}","templated":true}]}}